{"id":109,"date":"2022-07-07T02:40:02","date_gmt":"2022-07-07T02:40:02","guid":{"rendered":"https:\/\/dragons.com.ar\/?page_id=109"},"modified":"2022-07-07T02:40:02","modified_gmt":"2022-07-07T02:40:02","slug":"proteccion-de-datos-personales","status":"publish","type":"page","link":"https:\/\/dragons.com.ar\/index.php\/proteccion-de-datos-personales\/","title":{"rendered":"Protecci\u00f3n de Datos Personales"},"content":{"rendered":"<p><strong>Protecci\u00f3n de los Datos Personales<\/strong><\/p>\n<p>Dragon\u00b4s Black Cake ha implementado todos los procesos requeridos a los efectos de Protecci\u00f3n de los Datos Personales de los Usuarios, <em>con el objeto de evitar el mal uso, alteraci\u00f3n, acceso no autorizado y\/o robo de los Datos Personales suministrados por el Usuario a Dragon\u00b4s Black Cake. Sin perjuicio de lo expresado en el presente, el Usuario acepta y reconoce que las medidas de seguridad en Internet no son inviolables. Toda informaci\u00f3n suministrada ser\u00e1 tratada por Dragon\u00b4s Black Cake conforme t\u00e9rminos previstos en la Ley Nacional de Protecci\u00f3n de Datos Personales N\u00aa 25.326.<\/em><\/p>\n<p><em>Ud. tiene la facultad de ejercer el derecho de acceso a sus datos personales en forma gratuita a intervalos no inferiores a seis (6) meses, salvo que se acredite un inter\u00e9s leg\u00edtimo al efecto, conforme lo establecido en el art\u00edculo 14, inciso 3 de la Ley 25.326 (Disposici\u00f3n 10\/2008, art\u00edculo 1\u00b0, B.O. 18\/09\/2008) y a solicitar su actualizaci\u00f3n, rectificaci\u00f3n o supresi\u00f3n de sus datos personales<\/em>. A tal fin, deber\u00e1 enviar un e-mail a info@vinoimportado.com o comunicarse telef\u00f3nicamente al (011) 15 7367 2107.<\/p>\n<p>Se le hace saber que la Direcci\u00f3n Nacional de Protecci\u00f3n de Datos Personales, \u00f3rgano de control de la ley 25.326, tiene la atribuci\u00f3n de atender las denuncias y reclamos que se interpongan con relaci\u00f3n al incumplimiento de las normas sobre protecci\u00f3n de datos personales.<\/p>\n<p>Precios IVA incluido. Precios sujetos a modificaci\u00f3n sin previo aviso.<\/p>\n<p>Las fotos y descripciones son de car\u00e1cter ilustrativo.<\/p>\n<p>Ante falta de stock de alg\u00fan producto, el mismo ser\u00e1 reemplazado por otro similar de igual o mayor valor comercial. Las promociones no son acumulables ni combinables con otras excepto que lo aclare en la promoci\u00f3n.<\/p>\n<p><strong>Privacidad y Seguridad<\/strong><\/p>\n<p><em>Dragon\u00b4s Black Cake<\/em>\u00a0garantiza que los datos personales solicitados a los fines de optimizar la experiencia de compra, ser\u00e1n manejados en forma estrictamente confidencial de conformidad con la legislaci\u00f3n y reglamentaci\u00f3n vigente sobre de protecci\u00f3n de datos.<\/p>\n","protected":false},"excerpt":{"rendered":"<p>Protecci\u00f3n de los Datos Personales Dragon\u00b4s Black Cake ha implementado todos los procesos requeridos a los efectos de Protecci\u00f3n de<\/p>\n","protected":false},"author":1,"featured_media":0,"parent":0,"menu_order":0,"comment_status":"closed","ping_status":"closed","template":"","meta":{"content-type":"","_exactmetrics_skip_tracking":false,"_exactmetrics_sitenote_active":false,"_exactmetrics_sitenote_note":"","_exactmetrics_sitenote_category":0,"_joinchat":[],"footnotes":""},"class_list":["post-109","page","type-page","status-publish","hentry"],"_links":{"self":[{"href":"https:\/\/dragons.com.ar\/index.php\/wp-json\/wp\/v2\/pages\/109","targetHints":{"allow":["GET"]}}],"collection":[{"href":"https:\/\/dragons.com.ar\/index.php\/wp-json\/wp\/v2\/pages"}],"about":[{"href":"https:\/\/dragons.com.ar\/index.php\/wp-json\/wp\/v2\/types\/page"}],"author":[{"embeddable":true,"href":"https:\/\/dragons.com.ar\/index.php\/wp-json\/wp\/v2\/users\/1"}],"replies":[{"embeddable":true,"href":"https:\/\/dragons.com.ar\/index.php\/wp-json\/wp\/v2\/comments?post=109"}],"version-history":[{"count":2,"href":"https:\/\/dragons.com.ar\/index.php\/wp-json\/wp\/v2\/pages\/109\/revisions"}],"predecessor-version":[{"id":111,"href":"https:\/\/dragons.com.ar\/index.php\/wp-json\/wp\/v2\/pages\/109\/revisions\/111"}],"wp:attachment":[{"href":"https:\/\/dragons.com.ar\/index.php\/wp-json\/wp\/v2\/media?parent=109"}],"curies":[{"name":"wp","href":"https:\/\/api.w.org\/{rel}","templated":true}]}}